{"id":296,"date":"2026-01-09T19:50:16","date_gmt":"2026-01-09T18:50:16","guid":{"rendered":"https:\/\/bfap-sbpa.org\/sante-mentale-communautaire\/"},"modified":"2026-01-23T11:48:30","modified_gmt":"2026-01-23T10:48:30","slug":"sante-mentale-communautaire","status":"publish","type":"page","link":"https:\/\/bfap-sbpa.org\/fr\/sante-mentale-communautaire\/","title":{"rendered":"Sant\u00e9 mentale communautaire"},"content":{"rendered":"\n<div class=\"wp-block-group alignfull has-global-padding is-layout-constrained wp-container-core-group-is-layout-36f65c2d wp-block-group-is-layout-constrained\" style=\"margin-top:0;margin-bottom:0;padding-top:var(--wp--preset--spacing--50);padding-right:var(--wp--preset--spacing--50);padding-bottom:var(--wp--preset--spacing--50);padding-left:var(--wp--preset--spacing--50)\">\n<div class=\"wp-block-columns alignwide are-vertically-aligned-center is-layout-flex wp-container-core-columns-is-layout-ca2b64f2 wp-block-columns-is-layout-flex\">\n<div class=\"wp-block-column is-vertically-aligned-center is-layout-flow wp-block-column-is-layout-flow\" style=\"flex-basis:50%\">\n<h3 class=\"wp-block-heading has-text-align-right is-style-default\">Un syst\u00e8me de sant\u00e9 mentale ambulatoire ax\u00e9 sur la communaut\u00e9 un pilier essentiel d&rsquo;un syst\u00e8me de soins accessible, abordable et humain, adapt\u00e9e \u00e0 la situation belge et aux recommandations internationales.<\/h3>\n<\/div>\n\n\n\n<div class=\"wp-block-column is-vertically-aligned-center is-layout-flow wp-block-column-is-layout-flow\" style=\"flex-basis:50%\">\n<figure class=\"wp-block-image size-large\"><img data-recalc-dims=\"1\" loading=\"lazy\" decoding=\"async\" width=\"1024\" height=\"442\" src=\"https:\/\/i0.wp.com\/bfap-sbpa.org\/wp-content\/uploads\/2025\/12\/ChatGPT-Image-9-jan-2026-22_07_33-e1767992941167-1024x442.png?resize=1024%2C442&#038;ssl=1\" alt=\"\" class=\"wp-image-137\"\/><\/figure>\n<\/div>\n<\/div>\n<\/div>\n\n<div class=\"wp-block-group alignfull has-base-background-color has-background has-global-padding is-layout-constrained wp-container-core-group-is-layout-36f65c2d wp-block-group-is-layout-constrained\" style=\"margin-top:0;margin-bottom:0;padding-top:var(--wp--preset--spacing--50);padding-right:var(--wp--preset--spacing--50);padding-bottom:var(--wp--preset--spacing--50);padding-left:var(--wp--preset--spacing--50)\">\n<div class=\"wp-block-columns alignwide is-layout-flex wp-container-core-columns-is-layout-ef10d34a wp-block-columns-is-layout-flex\">\n<div class=\"wp-block-column has-global-padding is-content-justification-left is-layout-constrained wp-container-core-column-is-layout-fbd00b99 wp-block-column-is-layout-constrained\" style=\"flex-basis:40%\">\n<h2 class=\"wp-block-heading\"><\/h2>\n\n\n\n<h3 class=\"wp-block-heading\">Qu&rsquo;est-ce que la sant\u00e9 mentale ambulatoire et communautaire?<\/h3>\n\n\n\n<p class=\"has-text-align-left wp-block-paragraph\">Les soins ambulatoires en sant\u00e9 mentale organisent la prise en charge au plus pr\u00e8s de la vie quotidienne des personnes : par des consultations, un suivi et une collaboration au sein de la communaut\u00e9, tout en \u00e9vitant les hospitalisations.<\/p>\n\n\n\n<p class=\"has-text-align-left wp-block-paragraph\">La sant\u00e9 mentale communautaire combine des soins m\u00e9dicaux, psychologiques et sociaux au sein de r\u00e9seaux qui placent la continuit\u00e9 et l\u2019accessibilit\u00e9 au c\u0153ur de leur mission.<\/p>\n\n\n\n<p class=\"has-text-align-left wp-block-paragraph\"><\/p>\n\n\n\n<p class=\"has-text-align-left wp-block-paragraph\"><\/p>\n<\/div>\n\n\n\n<div class=\"wp-block-column is-layout-flow wp-container-core-column-is-layout-0c22cdd7 wp-block-column-is-layout-flow\" style=\"flex-basis:60%\">\n<p class=\"has-heading-font-family has-x-large-font-size wp-block-paragraph\" style=\"line-height:1.2\"><br\/>Le contexte belge : capacit\u00e9 ambulatoire limit\u00e9e, co\u00fbts \u00e9lev\u00e9s<\/p>\n\n\n\n<p class=\"has-text-align-justify wp-block-paragraph\">La Belgique compte un nombre exceptionnellement \u00e9lev\u00e9 de personnes en incapacit\u00e9 de travail de longue dur\u00e9e pour des troubles psychiques, tandis que l\u2019organisation des soins reste historiquement tr\u00e8s hospitalo-centr\u00e9e. Cette situation engendre des co\u00fbts soci\u00e9taux \u00e9lev\u00e9s et une pression \u00e9vitable sur les soins r\u00e9sidentiels. Une prise en charge ambulatoire pr\u00e9coce r\u00e9duit les admissions de crise, am\u00e9liore le r\u00e9tablissement et permet une meilleure conciliation avec le travail, la vie familiale et la participation sociale. \u00c0 l\u2019inverse, des d\u00e9lais d\u2019attente prolong\u00e9s et un acc\u00e8s insuffisant aux soins augmentent le risque de chronicisation de l\u2019incapacit\u00e9 de travail.   <\/p>\n\n\n\n<p class=\"wp-block-paragraph\">Sources :<br\/>&#8211; <a href=\"https:\/\/www.riziv.fgov.be\/nl\/statistieken\/statistieken-uitkeringen\/statistieken-over-arbeidsongeschiktheid-door-burn-out-of-depressie\">INAMI (2023). <em>Incapacit\u00e9 de travail due \u00e0 la d\u00e9pression et au burn-out<\/em><\/a><br\/>&#8211; <a href=\"https:\/\/www.tijd.be\/politiek-economie\/belgie\/federaal\/nergens-in-europa-meer-inactieven-door-ziekte-dan-in-belgie\/10533538.html\">De Tijd (2024). <em>Nulle part en Europe, il n&rsquo;y a plus d&rsquo;inactifs pour cause de maladie qu&rsquo;en Belgique<\/em><\/a><br\/>&#8211; <a href=\"https:\/\/ec.europa.eu\/eurostat\/web\/products-eurostat-news\/-\/edn-20201009-1\">Eurostat. <em>Lits d&rsquo;h\u00f4pitaux psychiatriques<\/em><\/a><br\/>&#8211; <a href=\"https:\/\/www.gezondbelgie.be\/nl\/blikvanger-gezondheidszorg\/geestelijke-gezondheidszorg\/geestelijke-gezondheidszorg-voor-volwassenen\/netwerken-in-de-geestelijke-gezondheidszorg-voor-volwassenen\">Healthy Belgium (2024). <em>R\u00e9seaux de sant\u00e9 mentale pour adultes<\/em><\/a><br\/><\/p>\n\n\n\n<hr class=\"wp-block-separator has-alpha-channel-opacity\"\/>\n\n\n\n<h3 class=\"wp-block-heading\">Le r\u00f4le du psychiatre ambulatoire dans un mod\u00e8le moderne de soins en sant\u00e9 mentale<\/h3>\n\n\n\n<p class=\"has-text-align-justify wp-block-paragraph\">Les directives internationales soulignent que les psychiatres de la communaut\u00e9 assument un r\u00f4le biopsychosocial \u00e9tendu : diagnostic, psychoth\u00e9rapie, pharmacoth\u00e9rapie, intervention de crise et coordination au sein d\u2019\u00e9quipes multidisciplinaires.<\/p>\n\n\n\n<p class=\"wp-block-paragraph\">Sources :<br\/>&#8211; <a href=\"https:\/\/doi.org\/10.1016\/j.eurpsy.2014.12.005\">Bhugra et al. (2015). <em>Recommandations de l&rsquo;EPA sur le r\u00f4le des psychiatres<\/em><\/a><br\/>&#8211; <a href=\"https:\/\/www.who.int\/publications\/i\/item\/9789240049338\">OMS (2022). <em>Rapport mondial sur la sant\u00e9 mentale<\/em><\/a><br\/>&#8211; <a href=\"https:\/\/doi.org\/10.1192\/j.eurpsy.2023.2419\">Simon et al. (2023). <em>Valeur des traitements de sant\u00e9 mentale en Europe<\/em><\/a><br\/>&#8211; <a href=\"https:\/\/www.psychiatry.org\/psychiatrists\/practice\/professional-interests\/collaborative-care\">Mod\u00e8le de soins collaboratifs (APA)<\/a><br\/><\/p>\n\n\n\n<h2 class=\"wp-block-heading\">Pourquoi investir dans la sant\u00e9 mentale ambulatoire?<\/h2>\n\n\n\n<p class=\"has-text-align-justify wp-block-paragraph\">Des soins ambulatoires et communautaires solides r\u00e9duisent les hospitalisations, pr\u00e9viennent les crises et se r\u00e9v\u00e8lent clairement rentables. M\u00eame des transferts limit\u00e9s des soins r\u00e9sidentiels vers les soins ambulatoires g\u00e9n\u00e8rent des \u00e9conomies soci\u00e9tales substantielles. <\/p>\n\n\n\n<p class=\"wp-block-paragraph\">Sources :<br\/>&#8211;<a href=\"https:\/\/doi.org\/10.1007\/s41669-021-00306-2\">Gillain et al. (2021). <em>Co\u00fbts et r\u00e9sultats dans la d\u00e9pression r\u00e9sistante au traitement (Belgique)<\/em><\/a><br\/>&#8211;<a href=\"https:\/\/doi.org\/10.1017\/S0033291700051047\">Mangen et al. (1983). <em>Rapport co\u00fbt-efficacit\u00e9 des soins psychiatriques communautaires par rapport aux soins ambulatoires<\/em><\/a><br\/>&#8211;<a href=\"https:\/\/doi.org\/10.1176\/appi.ps.51.11.1410\">Ziguras &amp; Stuart (2000). <em>Efficacit\u00e9 de la gestion des cas de sant\u00e9 mentale<\/em><\/a><br\/><\/p>\n<\/div>\n<\/div>\n<\/div>\n","protected":false},"excerpt":{"rendered":"<p>Un syst\u00e8me de sant\u00e9 mentale ambulatoire ax\u00e9 sur la communaut\u00e9 un pilier essentiel d&rsquo;un syst\u00e8me de soins accessible, abordable et humain, adapt\u00e9e \u00e0 la situation belge et aux recommandations internationales. Qu&rsquo;est-ce que la sant\u00e9 mentale ambulatoire et communautaire? Les soins ambulatoires en sant\u00e9 mentale organisent la prise en charge au plus pr\u00e8s de la vie [&hellip;]<\/p>\n","protected":false},"author":246655427,"featured_media":0,"parent":0,"menu_order":0,"comment_status":"closed","ping_status":"closed","template":"","meta":{"_crdt_document":"","footnotes":""},"class_list":["post-296","page","type-page","status-publish","hentry"],"yoast_head":"<!-- This site is optimized with the Yoast SEO plugin v27.6 - https:\/\/yoast.com\/product\/yoast-seo-wordpress\/ -->\n<title>Sant\u00e9 mentale communautaire | F\u00e9d\u00e9ration Belge pour la Psychiatrie Ambulatoire<\/title>\n<meta name=\"robots\" content=\"index, follow, max-snippet:-1, max-image-preview:large, max-video-preview:-1\" \/>\n<link rel=\"canonical\" href=\"https:\/\/bfap-sbpa.org\/fr\/sante-mentale-communautaire\/\" \/>\n<meta property=\"og:locale\" content=\"fr_FR\" \/>\n<meta property=\"og:type\" content=\"article\" \/>\n<meta property=\"og:title\" content=\"Sant\u00e9 mentale communautaire | F\u00e9d\u00e9ration Belge pour la Psychiatrie Ambulatoire\" \/>\n<meta property=\"og:description\" content=\"Un syst\u00e8me de sant\u00e9 mentale ambulatoire ax\u00e9 sur la communaut\u00e9 un pilier essentiel d&rsquo;un syst\u00e8me de soins accessible, abordable et humain, adapt\u00e9e \u00e0 la situation belge et aux recommandations internationales. Qu&rsquo;est-ce que la sant\u00e9 mentale ambulatoire et communautaire? Les soins ambulatoires en sant\u00e9 mentale organisent la prise en charge au plus pr\u00e8s de la vie [&hellip;]\" \/>\n<meta property=\"og:url\" content=\"https:\/\/bfap-sbpa.org\/fr\/sante-mentale-communautaire\/\" \/>\n<meta property=\"og:site_name\" content=\"F\u00e9d\u00e9ration Belge pour la Psychiatrie Ambulatoire\" \/>\n<meta property=\"article:modified_time\" content=\"2026-01-23T10:48:30+00:00\" \/>\n<meta property=\"og:image\" content=\"https:\/\/bfap-sbpa.org\/wp-content\/uploads\/2025\/12\/ChatGPT-Image-9-jan-2026-22_07_33-e1767992941167-1024x442.png\" \/>\n<meta name=\"twitter:card\" content=\"summary_large_image\" \/>\n<meta name=\"twitter:label1\" content=\"Dur\u00e9e de lecture estim\u00e9e\" \/>\n\t<meta name=\"twitter:data1\" content=\"2 minutes\" \/>\n<script type=\"application\/ld+json\" class=\"yoast-schema-graph\">{\"@context\":\"https:\\\/\\\/schema.org\",\"@graph\":[{\"@type\":\"WebPage\",\"@id\":\"https:\\\/\\\/bfap-sbpa.org\\\/fr\\\/sante-mentale-communautaire\\\/\",\"url\":\"https:\\\/\\\/bfap-sbpa.org\\\/fr\\\/sante-mentale-communautaire\\\/\",\"name\":\"Sant\u00e9 mentale communautaire | F\u00e9d\u00e9ration Belge pour la Psychiatrie Ambulatoire\",\"isPartOf\":{\"@id\":\"https:\\\/\\\/bfap-sbpa.org\\\/fr\\\/#website\"},\"primaryImageOfPage\":{\"@id\":\"https:\\\/\\\/bfap-sbpa.org\\\/fr\\\/sante-mentale-communautaire\\\/#primaryimage\"},\"image\":{\"@id\":\"https:\\\/\\\/bfap-sbpa.org\\\/fr\\\/sante-mentale-communautaire\\\/#primaryimage\"},\"thumbnailUrl\":\"https:\\\/\\\/bfap-sbpa.org\\\/wp-content\\\/uploads\\\/2025\\\/12\\\/ChatGPT-Image-9-jan-2026-22_07_33-e1767992941167-1024x442.png\",\"datePublished\":\"2026-01-09T18:50:16+00:00\",\"dateModified\":\"2026-01-23T10:48:30+00:00\",\"breadcrumb\":{\"@id\":\"https:\\\/\\\/bfap-sbpa.org\\\/fr\\\/sante-mentale-communautaire\\\/#breadcrumb\"},\"inLanguage\":\"fr-FR\",\"potentialAction\":[{\"@type\":\"ReadAction\",\"target\":[\"https:\\\/\\\/bfap-sbpa.org\\\/fr\\\/sante-mentale-communautaire\\\/\"]}]},{\"@type\":\"ImageObject\",\"inLanguage\":\"fr-FR\",\"@id\":\"https:\\\/\\\/bfap-sbpa.org\\\/fr\\\/sante-mentale-communautaire\\\/#primaryimage\",\"url\":\"https:\\\/\\\/bfap-sbpa.org\\\/wp-content\\\/uploads\\\/2025\\\/12\\\/ChatGPT-Image-9-jan-2026-22_07_33-e1767992941167-1024x442.png\",\"contentUrl\":\"https:\\\/\\\/bfap-sbpa.org\\\/wp-content\\\/uploads\\\/2025\\\/12\\\/ChatGPT-Image-9-jan-2026-22_07_33-e1767992941167-1024x442.png\"},{\"@type\":\"BreadcrumbList\",\"@id\":\"https:\\\/\\\/bfap-sbpa.org\\\/fr\\\/sante-mentale-communautaire\\\/#breadcrumb\",\"itemListElement\":[{\"@type\":\"ListItem\",\"position\":1,\"name\":\"Home\",\"item\":\"https:\\\/\\\/bfap-sbpa.org\\\/fr\\\/628-2\\\/\"},{\"@type\":\"ListItem\",\"position\":2,\"name\":\"Sant\u00e9 mentale communautaire\"}]},{\"@type\":\"WebSite\",\"@id\":\"https:\\\/\\\/bfap-sbpa.org\\\/fr\\\/#website\",\"url\":\"https:\\\/\\\/bfap-sbpa.org\\\/fr\\\/\",\"name\":\"Belgische Federatie voor Ambulante Psychiatrie\",\"description\":\"For community mental health in Belgium\",\"publisher\":{\"@id\":\"https:\\\/\\\/bfap-sbpa.org\\\/fr\\\/#organization\"},\"alternateName\":\"BFAP - FBPA\",\"potentialAction\":[{\"@type\":\"SearchAction\",\"target\":{\"@type\":\"EntryPoint\",\"urlTemplate\":\"https:\\\/\\\/bfap-sbpa.org\\\/fr\\\/?s={search_term_string}\"},\"query-input\":{\"@type\":\"PropertyValueSpecification\",\"valueRequired\":true,\"valueName\":\"search_term_string\"}}],\"inLanguage\":\"fr-FR\"},{\"@type\":\"Organization\",\"@id\":\"https:\\\/\\\/bfap-sbpa.org\\\/fr\\\/#organization\",\"name\":\"Belgische Federatie voor Ambulante Psychiatrie\",\"alternateName\":\"BFAP - FBPA\",\"url\":\"https:\\\/\\\/bfap-sbpa.org\\\/fr\\\/\",\"logo\":{\"@type\":\"ImageObject\",\"inLanguage\":\"fr-FR\",\"@id\":\"https:\\\/\\\/bfap-sbpa.org\\\/fr\\\/#\\\/schema\\\/logo\\\/image\\\/\",\"url\":\"https:\\\/\\\/i0.wp.com\\\/bfap-sbpa.org\\\/wp-content\\\/uploads\\\/2025\\\/12\\\/Logo-van-de-Belgische-Federatie-kopie.png?fit=434%2C393&ssl=1\",\"contentUrl\":\"https:\\\/\\\/i0.wp.com\\\/bfap-sbpa.org\\\/wp-content\\\/uploads\\\/2025\\\/12\\\/Logo-van-de-Belgische-Federatie-kopie.png?fit=434%2C393&ssl=1\",\"width\":434,\"height\":393,\"caption\":\"Belgische Federatie voor Ambulante Psychiatrie\"},\"image\":{\"@id\":\"https:\\\/\\\/bfap-sbpa.org\\\/fr\\\/#\\\/schema\\\/logo\\\/image\\\/\"}}]}<\/script>\n<!-- \/ Yoast SEO plugin. -->","yoast_head_json":{"title":"Sant\u00e9 mentale communautaire | F\u00e9d\u00e9ration Belge pour la Psychiatrie Ambulatoire","robots":{"index":"index","follow":"follow","max-snippet":"max-snippet:-1","max-image-preview":"max-image-preview:large","max-video-preview":"max-video-preview:-1"},"canonical":"https:\/\/bfap-sbpa.org\/fr\/sante-mentale-communautaire\/","og_locale":"fr_FR","og_type":"article","og_title":"Sant\u00e9 mentale communautaire | F\u00e9d\u00e9ration Belge pour la Psychiatrie Ambulatoire","og_description":"Un syst\u00e8me de sant\u00e9 mentale ambulatoire ax\u00e9 sur la communaut\u00e9 un pilier essentiel d&rsquo;un syst\u00e8me de soins accessible, abordable et humain, adapt\u00e9e \u00e0 la situation belge et aux recommandations internationales. Qu&rsquo;est-ce que la sant\u00e9 mentale ambulatoire et communautaire? Les soins ambulatoires en sant\u00e9 mentale organisent la prise en charge au plus pr\u00e8s de la vie [&hellip;]","og_url":"https:\/\/bfap-sbpa.org\/fr\/sante-mentale-communautaire\/","og_site_name":"F\u00e9d\u00e9ration Belge pour la Psychiatrie Ambulatoire","article_modified_time":"2026-01-23T10:48:30+00:00","og_image":[{"url":"https:\/\/bfap-sbpa.org\/wp-content\/uploads\/2025\/12\/ChatGPT-Image-9-jan-2026-22_07_33-e1767992941167-1024x442.png","type":"","width":"","height":""}],"twitter_card":"summary_large_image","twitter_misc":{"Dur\u00e9e de lecture estim\u00e9e":"2 minutes"},"schema":{"@context":"https:\/\/schema.org","@graph":[{"@type":"WebPage","@id":"https:\/\/bfap-sbpa.org\/fr\/sante-mentale-communautaire\/","url":"https:\/\/bfap-sbpa.org\/fr\/sante-mentale-communautaire\/","name":"Sant\u00e9 mentale communautaire | F\u00e9d\u00e9ration Belge pour la Psychiatrie Ambulatoire","isPartOf":{"@id":"https:\/\/bfap-sbpa.org\/fr\/#website"},"primaryImageOfPage":{"@id":"https:\/\/bfap-sbpa.org\/fr\/sante-mentale-communautaire\/#primaryimage"},"image":{"@id":"https:\/\/bfap-sbpa.org\/fr\/sante-mentale-communautaire\/#primaryimage"},"thumbnailUrl":"https:\/\/bfap-sbpa.org\/wp-content\/uploads\/2025\/12\/ChatGPT-Image-9-jan-2026-22_07_33-e1767992941167-1024x442.png","datePublished":"2026-01-09T18:50:16+00:00","dateModified":"2026-01-23T10:48:30+00:00","breadcrumb":{"@id":"https:\/\/bfap-sbpa.org\/fr\/sante-mentale-communautaire\/#breadcrumb"},"inLanguage":"fr-FR","potentialAction":[{"@type":"ReadAction","target":["https:\/\/bfap-sbpa.org\/fr\/sante-mentale-communautaire\/"]}]},{"@type":"ImageObject","inLanguage":"fr-FR","@id":"https:\/\/bfap-sbpa.org\/fr\/sante-mentale-communautaire\/#primaryimage","url":"https:\/\/bfap-sbpa.org\/wp-content\/uploads\/2025\/12\/ChatGPT-Image-9-jan-2026-22_07_33-e1767992941167-1024x442.png","contentUrl":"https:\/\/bfap-sbpa.org\/wp-content\/uploads\/2025\/12\/ChatGPT-Image-9-jan-2026-22_07_33-e1767992941167-1024x442.png"},{"@type":"BreadcrumbList","@id":"https:\/\/bfap-sbpa.org\/fr\/sante-mentale-communautaire\/#breadcrumb","itemListElement":[{"@type":"ListItem","position":1,"name":"Home","item":"https:\/\/bfap-sbpa.org\/fr\/628-2\/"},{"@type":"ListItem","position":2,"name":"Sant\u00e9 mentale communautaire"}]},{"@type":"WebSite","@id":"https:\/\/bfap-sbpa.org\/fr\/#website","url":"https:\/\/bfap-sbpa.org\/fr\/","name":"Belgische Federatie voor Ambulante Psychiatrie","description":"For community mental health in Belgium","publisher":{"@id":"https:\/\/bfap-sbpa.org\/fr\/#organization"},"alternateName":"BFAP - FBPA","potentialAction":[{"@type":"SearchAction","target":{"@type":"EntryPoint","urlTemplate":"https:\/\/bfap-sbpa.org\/fr\/?s={search_term_string}"},"query-input":{"@type":"PropertyValueSpecification","valueRequired":true,"valueName":"search_term_string"}}],"inLanguage":"fr-FR"},{"@type":"Organization","@id":"https:\/\/bfap-sbpa.org\/fr\/#organization","name":"Belgische Federatie voor Ambulante Psychiatrie","alternateName":"BFAP - FBPA","url":"https:\/\/bfap-sbpa.org\/fr\/","logo":{"@type":"ImageObject","inLanguage":"fr-FR","@id":"https:\/\/bfap-sbpa.org\/fr\/#\/schema\/logo\/image\/","url":"https:\/\/i0.wp.com\/bfap-sbpa.org\/wp-content\/uploads\/2025\/12\/Logo-van-de-Belgische-Federatie-kopie.png?fit=434%2C393&ssl=1","contentUrl":"https:\/\/i0.wp.com\/bfap-sbpa.org\/wp-content\/uploads\/2025\/12\/Logo-van-de-Belgische-Federatie-kopie.png?fit=434%2C393&ssl=1","width":434,"height":393,"caption":"Belgische Federatie voor Ambulante Psychiatrie"},"image":{"@id":"https:\/\/bfap-sbpa.org\/fr\/#\/schema\/logo\/image\/"}}]}},"jetpack_likes_enabled":true,"jetpack_sharing_enabled":true,"jetpack_shortlink":"https:\/\/wp.me\/Ph0gwp-4M","jetpack-related-posts":[{"id":267,"url":"https:\/\/bfap-sbpa.org\/fr\/contact\/","url_meta":{"origin":296,"position":0},"title":"Contact","author":"Thomas Van der Poorten","date":"11 janvier 2026","format":false,"excerpt":"La F\u00e9d\u00e9ration Belge pour la Psychiatrie Ambulatoire (FBPA) est une association professionnelle ind\u00e9pendante engag\u00e9e en faveur de soins de sant\u00e9 mentale efficaces, accessibles et fond\u00e9s sur des donn\u00e9es probantes, avec une attention particuli\u00e8re port\u00e9e au renforcement de la psychiatrie ambulatoire et communautaire en Belgique. Elle repr\u00e9sente les psychiatres exer\u00e7ant en\u2026","rel":"","context":"Article similaire","block_context":{"text":"Article similaire","link":""},"img":{"alt_text":"","src":"https:\/\/i0.wp.com\/bfap-sbpa.org\/wp-content\/uploads\/2025\/12\/ChatGPT-Image-9-jan-2026-22_07_33-e1769982745677.png?resize=350%2C200&ssl=1","width":350,"height":200,"srcset":"https:\/\/i0.wp.com\/bfap-sbpa.org\/wp-content\/uploads\/2025\/12\/ChatGPT-Image-9-jan-2026-22_07_33-e1769982745677.png?resize=350%2C200&ssl=1 1x, https:\/\/i0.wp.com\/bfap-sbpa.org\/wp-content\/uploads\/2025\/12\/ChatGPT-Image-9-jan-2026-22_07_33-e1769982745677.png?resize=525%2C300&ssl=1 1.5x, https:\/\/i0.wp.com\/bfap-sbpa.org\/wp-content\/uploads\/2025\/12\/ChatGPT-Image-9-jan-2026-22_07_33-e1769982745677.png?resize=700%2C400&ssl=1 2x, https:\/\/i0.wp.com\/bfap-sbpa.org\/wp-content\/uploads\/2025\/12\/ChatGPT-Image-9-jan-2026-22_07_33-e1769982745677.png?resize=1050%2C600&ssl=1 3x"},"classes":[]},{"id":628,"url":"https:\/\/bfap-sbpa.org\/fr\/","url_meta":{"origin":296,"position":1},"title":"Federation Belge de la Psychiatrie\u2026","author":"Thomas Van der Poorten","date":"9 f\u00e9vrier 2026","format":false,"excerpt":"Federation Belge de la Psychiatrie Ambulatoire Notre mission La F\u00e9d\u00e9ration Belge des Psychiatres Ambulatoires (FBPA) est une association professionnelle ind\u00e9pendante qui s\u2019engage pour une sant\u00e9 mentale efficace, accessible et fond\u00e9e sur des donn\u00e9es probantes. La f\u00e9d\u00e9ration accorde une attention particuli\u00e8re au renforcement de la sant\u00e9 mentale ambulatoire et communautaire en\u2026","rel":"","context":"Article similaire","block_context":{"text":"Article similaire","link":""},"img":{"alt_text":"","src":"https:\/\/i0.wp.com\/bfap-sbpa.org\/wp-content\/uploads\/2026\/02\/Federation-Belge-pour-la-Psychiatrie-Ambulatoire-e1771172608427.png?resize=350%2C200","width":350,"height":200,"srcset":"https:\/\/i0.wp.com\/bfap-sbpa.org\/wp-content\/uploads\/2026\/02\/Federation-Belge-pour-la-Psychiatrie-Ambulatoire-e1771172608427.png?resize=350%2C200 1x, https:\/\/i0.wp.com\/bfap-sbpa.org\/wp-content\/uploads\/2026\/02\/Federation-Belge-pour-la-Psychiatrie-Ambulatoire-e1771172608427.png?resize=525%2C300 1.5x, https:\/\/i0.wp.com\/bfap-sbpa.org\/wp-content\/uploads\/2026\/02\/Federation-Belge-pour-la-Psychiatrie-Ambulatoire-e1771172608427.png?resize=700%2C400 2x, https:\/\/i0.wp.com\/bfap-sbpa.org\/wp-content\/uploads\/2026\/02\/Federation-Belge-pour-la-Psychiatrie-Ambulatoire-e1771172608427.png?resize=1050%2C600 3x, https:\/\/i0.wp.com\/bfap-sbpa.org\/wp-content\/uploads\/2026\/02\/Federation-Belge-pour-la-Psychiatrie-Ambulatoire-e1771172608427.png?resize=1400%2C800 4x"},"classes":[]},{"id":559,"url":"https:\/\/bfap-sbpa.org\/fr\/actualites-des-soins-de-sante-mentale-ambulatoires\/","url_meta":{"origin":296,"position":2},"title":"Actualit\u00e9s des soins de sant\u00e9 mentale ambulatoires","author":"Thomas Van der Poorten","date":"1 f\u00e9vrier 2026","format":false,"excerpt":"","rel":"","context":"Article similaire","block_context":{"text":"Article similaire","link":""},"img":{"alt_text":"","src":"","width":0,"height":0},"classes":[]},{"id":409,"url":"https:\/\/bfap-sbpa.org\/fr\/adhesion-bfap\/","url_meta":{"origin":296,"position":3},"title":"Adh\u00e9sion \u00e0 la FBPA","author":"Thomas Van der Poorten","date":"27 janvier 2026","format":false,"excerpt":"La psychiatrie ambulatoire en Belgique subit une pression structurelle. Les cadres politiques europ\u00e9ens et internationaux en mati\u00e8re de sant\u00e9 mentale partent d'une collaboration ax\u00e9e sur la pr\u00e9vention, dans laquelle les professionnels de la sant\u00e9 jouent un r\u00f4le central dans la gouvernance, aux c\u00f4t\u00e9s des patients et de leurs aidants proches\u2026","rel":"","context":"Article similaire","block_context":{"text":"Article similaire","link":""},"img":{"alt_text":"","src":"https:\/\/i0.wp.com\/bfap-sbpa.org\/wp-content\/uploads\/2025\/12\/ChatGPT-Image-9-jan-2026-22_07_33-e1769982745677.png?resize=350%2C200&ssl=1","width":350,"height":200,"srcset":"https:\/\/i0.wp.com\/bfap-sbpa.org\/wp-content\/uploads\/2025\/12\/ChatGPT-Image-9-jan-2026-22_07_33-e1769982745677.png?resize=350%2C200&ssl=1 1x, https:\/\/i0.wp.com\/bfap-sbpa.org\/wp-content\/uploads\/2025\/12\/ChatGPT-Image-9-jan-2026-22_07_33-e1769982745677.png?resize=525%2C300&ssl=1 1.5x, https:\/\/i0.wp.com\/bfap-sbpa.org\/wp-content\/uploads\/2025\/12\/ChatGPT-Image-9-jan-2026-22_07_33-e1769982745677.png?resize=700%2C400&ssl=1 2x, https:\/\/i0.wp.com\/bfap-sbpa.org\/wp-content\/uploads\/2025\/12\/ChatGPT-Image-9-jan-2026-22_07_33-e1769982745677.png?resize=1050%2C600&ssl=1 3x"},"classes":[]},{"id":271,"url":"https:\/\/bfap-sbpa.org\/fr\/politique-de-confidentialite\/","url_meta":{"origin":296,"position":4},"title":"Politique de confidentialit\u00e9","author":"Thomas Van der Poorten","date":"11 janvier 2026","format":false,"excerpt":"La F\u00e9d\u00e9ration Belge pour la Psychiatrie Ambulatoire (FBPA) accorde une grande importance \u00e0 la protection de vos donn\u00e9es personnelles et respecte la l\u00e9gislation europ\u00e9enne sur la vie priv\u00e9e, en particulier le R\u00e8glement G\u00e9n\u00e9ral sur la Protection des Donn\u00e9es (RGPD). 1. Qui sommes-nous ? La F\u00e9d\u00e9ration Belge des Psychiatres Ambulatoires (FBPA)\u2026","rel":"","context":"Article similaire","block_context":{"text":"Article similaire","link":""},"img":{"alt_text":"","src":"","width":0,"height":0},"classes":[]},{"id":279,"url":"https:\/\/bfap-sbpa.org\/fr\/priorites-politiques\/","url_meta":{"origin":296,"position":5},"title":"Priorit\u00e9s politiques","author":"Thomas Van der Poorten","date":"9 janvier 2026","format":false,"excerpt":"Jusqu'en 2023, la psychiatrie ambulatoire en Belgique ne disposait d'aucune repr\u00e9sentation structurelle au niveau institutionnel. Pourtant, le fait de ne pas soutenir explicitement cette forme de soins entra\u00eene un co\u00fbt soci\u00e9tal tr\u00e8s \u00e9lev\u00e9 : selon l'OCDE, on estime qu'en Belgique, plus de 4 % du PIB est perdu suite \u00e0\u2026","rel":"","context":"Article similaire","block_context":{"text":"Article similaire","link":""},"img":{"alt_text":"","src":"https:\/\/i0.wp.com\/bfap-sbpa.org\/wp-content\/uploads\/2026\/03\/Ambulante-Psychiatrie-Stepped-Care-GGZ-Belgie-Geestelijke-Gezondheidzorg-Eersteljin-Tweedelijn.png?resize=350%2C200&ssl=1","width":350,"height":200,"srcset":"https:\/\/i0.wp.com\/bfap-sbpa.org\/wp-content\/uploads\/2026\/03\/Ambulante-Psychiatrie-Stepped-Care-GGZ-Belgie-Geestelijke-Gezondheidzorg-Eersteljin-Tweedelijn.png?resize=350%2C200&ssl=1 1x, https:\/\/i0.wp.com\/bfap-sbpa.org\/wp-content\/uploads\/2026\/03\/Ambulante-Psychiatrie-Stepped-Care-GGZ-Belgie-Geestelijke-Gezondheidzorg-Eersteljin-Tweedelijn.png?resize=525%2C300&ssl=1 1.5x, https:\/\/i0.wp.com\/bfap-sbpa.org\/wp-content\/uploads\/2026\/03\/Ambulante-Psychiatrie-Stepped-Care-GGZ-Belgie-Geestelijke-Gezondheidzorg-Eersteljin-Tweedelijn.png?resize=700%2C400&ssl=1 2x, https:\/\/i0.wp.com\/bfap-sbpa.org\/wp-content\/uploads\/2026\/03\/Ambulante-Psychiatrie-Stepped-Care-GGZ-Belgie-Geestelijke-Gezondheidzorg-Eersteljin-Tweedelijn.png?resize=1050%2C600&ssl=1 3x"},"classes":[]}],"_links":{"self":[{"href":"https:\/\/bfap-sbpa.org\/fr\/wp-json\/wp\/v2\/pages\/296","targetHints":{"allow":["GET"]}}],"collection":[{"href":"https:\/\/bfap-sbpa.org\/fr\/wp-json\/wp\/v2\/pages"}],"about":[{"href":"https:\/\/bfap-sbpa.org\/fr\/wp-json\/wp\/v2\/types\/page"}],"author":[{"embeddable":true,"href":"https:\/\/bfap-sbpa.org\/fr\/wp-json\/wp\/v2\/users\/246655427"}],"replies":[{"embeddable":true,"href":"https:\/\/bfap-sbpa.org\/fr\/wp-json\/wp\/v2\/comments?post=296"}],"version-history":[{"count":3,"href":"https:\/\/bfap-sbpa.org\/fr\/wp-json\/wp\/v2\/pages\/296\/revisions"}],"predecessor-version":[{"id":358,"href":"https:\/\/bfap-sbpa.org\/fr\/wp-json\/wp\/v2\/pages\/296\/revisions\/358"}],"wp:attachment":[{"href":"https:\/\/bfap-sbpa.org\/fr\/wp-json\/wp\/v2\/media?parent=296"}],"curies":[{"name":"wp","href":"https:\/\/api.w.org\/{rel}","templated":true}]}}